{"id":729,"date":"2021-08-26T11:32:35","date_gmt":"2021-08-26T11:32:35","guid":{"rendered":"https:\/\/vanessaperrone.com\/home\/"},"modified":"2022-04-01T17:11:57","modified_gmt":"2022-04-01T17:11:57","slug":"home","status":"publish","type":"page","link":"https:\/\/vanessaperrone.com\/fr\/","title":{"rendered":"Home"},"content":{"rendered":"\n<h1>\n\t\tMangez \u00e0 la m\u00e9diterran\u00e9enne\n\t<\/h1>\n<h1>\n\t\tavec Vanessa\n\t<\/h1>\n<h2>\n\t\tRecettes par Vanessa\n\t<\/h2>\n\t\t\t\t<img decoding=\"async\" loading=\"lazy\" src=\"https:\/\/vanessaperrone.com\/wp-content\/uploads\/2021\/08\/Home-About@2x.jpg\" alt=\"Home-About@2x\" itemprop=\"image\" height=\"1240\" width=\"950\" title=\"Home-About@2x\" onerror=\"this.style.display='none'\"  \/>\n<h2>\n\t\tBonjour!\n\t<\/h2>\n\t<p>Je m&rsquo;appelle Vanessa. Di\u00e9t\u00e9tiste-nutritionniste, conf\u00e9renci\u00e8re et cuisini\u00e8re passionn\u00e9e, enti\u00e8rement d\u00e9vou\u00e9e \u00e0 vous faire tomber amoureux d&rsquo;un mode de vie sain.<\/p>\n\t\t\t<a href=\"\/fr\/a-propos\" target=\"_self\" role=\"button\" rel=\"noopener\">\n\t\t\t\t\t\t\tEN SAVOIR PLUS\n\t\t\t\t\t<\/a>\n<h2>\n\t\t\u00c0 table!\n\t<\/h2>\n\t\t\t\t<img decoding=\"async\" loading=\"lazy\" src=\"https:\/\/vanessaperrone.com\/wp-content\/uploads\/2022\/01\/Chicken-salad.jpg\" alt=\"Chicken salad\" itemprop=\"image\" height=\"550\" width=\"750\" title=\"Chicken salad\" onerror=\"this.style.display='none'\"  \/>\n\t<h4>01<\/h4>\n<h3>RECETTES NOURISSANTES<\/h3>\n<p><strong>En manque d&rsquo;id\u00e9es de repas savoureux pour les soirs de semaine?<\/strong><\/p>\n<p>Voici 5 recettes simples et d\u00e9licieuses pour votre menu.<\/p>\n\t\t\t<a href=\"https:\/\/vanessaperrone.lpages.co\/recettesmed-fr\/\" target=\"_blank\" role=\"button\" rel=\"noopener\">\n\t\t\t\t\t\t\tT\u00e9l\u00e9charger mon menu\n\t\t\t\t\t<\/a>\n\t\t\t\t<img decoding=\"async\" loading=\"lazy\" src=\"https:\/\/vanessaperrone.com\/wp-content\/uploads\/2022\/01\/Workshops.jpg\" alt=\"Workshops\" itemprop=\"image\" height=\"550\" width=\"750\" title=\"Workshops\" onerror=\"this.style.display='none'\"  \/>\n\t<h4>02<\/h4>\n<h3>CUISINE M\u00c9DITERRAN\u00c9ENNE<\/h3>\n<p><strong>Vous souhaitez cuisiner des repas qui regorgent de couleurs et de saveurs ?<\/strong><\/p>\n<p>Inscrivez-vous \u00e0 mon prochain atelier virtuel et pr\u00e9parons un repas <em>d\u00e9licieux<\/em> ensemble.<\/p>\n\t\t\t<a href=\"https:\/\/vanessaperrone.lpages.co\/ateliers-culinaires-informations\/\" target=\"_blank\" role=\"button\" rel=\"noopener\">\n\t\t\t\t\t\t\tEn savoir plus\n\t\t\t\t\t<\/a>\n\t\t\t\t<img decoding=\"async\" loading=\"lazy\" src=\"https:\/\/vanessaperrone.com\/wp-content\/uploads\/2021\/09\/About-healthy-habits@2x-1.jpg\" alt=\"About-healthy-habits@2x\" itemprop=\"image\" height=\"550\" width=\"750\" title=\"About-healthy-habits@2x\" onerror=\"this.style.display='none'\"  \/>\n\t<h4>03<\/h4>\n<h3>Des conseils au quotidien<\/h3>\n<p><strong>Trucs et astuces pour mieux vivre et bien manger.<\/strong><\/p>\n<p>Suivez-moi sur ma page Facebook.<\/p>\n\t\t\t<a href=\"http:\/\/facebook.com\/vanperrone\" target=\"_blank\" role=\"button\" rel=\"noopener\">\n\t\t\t\t\t\t\tPar ICI\n\t\t\t\t\t<\/a>\n\t\t\t\t<img decoding=\"async\" loading=\"lazy\" src=\"https:\/\/vanessaperrone.com\/wp-content\/uploads\/2021\/09\/Home-Podcasts_mobile_2x-removebg-copy.png\" alt=\"Home-Podcasts_mobile_2x-removebg copy\" itemprop=\"image\" height=\"1080\" width=\"900\" title=\"Home-Podcasts_mobile_2x-removebg copy\" onerror=\"this.style.display='none'\"  \/>\n<h2>\n\t\tLe balado<br \/>par Vanessa\n\t<\/h2>\n\t<p>Strat\u00e9gies simples et astuces pour un mode de vie qui fait du bien.<\/p>\n\t\t\t<a href=\"\/fr\/podcast\/\" target=\"_self\" role=\"button\" rel=\"noopener\">\n\t\t\t\t\t\t\t\u00c9COUTER LES \u00c9PISODES\n\t\t\t\t\t<\/a>\n\t\t\t\t<img decoding=\"async\" loading=\"lazy\" src=\"https:\/\/vanessaperrone.com\/wp-content\/uploads\/2022\/04\/Home-Book@2x.png\" alt=\"Home-Book@2x\" itemprop=\"image\" height=\"1118\" width=\"929\" title=\"Home-Book@2x\" onerror=\"this.style.display='none'\"  \/>\n<h2>\n\t\t Mon livre<br \/>M\u00e9diterran\u00e9enne<br \/>est maintenant disponible.\n\t<\/h2>\n\t\t\t<a href=\"https:\/\/www.editions-cardinal.ca\/livres\/mediterraneenne-15167\" target=\"_self\" role=\"button\" rel=\"noopener\">\n\t\t\t\t\t\t\tCOMMANDER MAINTENANT\n\t\t\t\t\t<\/a>\n<h2>\n\t\tAlimentez votre Vie\n\t<\/h2>\n\t<p>Laissez votre courriel pour recevoir notre meilleur contenu.<\/p>\n<h2>\n\t\tCuisinez avec\n\t<\/h2>\n<h2>\n\t\tVanessa\n\t<\/h2>\n\t<p>Ateliers de cuisine en virtuel<\/p>\n\t\t\t<a href=\"https:\/\/vanessaperrone.lpages.co\/ateliers-culinaires-informations\/\" target=\"_blank\" role=\"button\" rel=\"noopener\">\n\t\t\t\t\t\t\tEN SAVOIR PLUS\n\t\t\t\t\t<\/a>\n\n","protected":false},"excerpt":{"rendered":"<p>Mangez \u00e0 la m\u00e9diterran\u00e9enne avec Vanessa Recettes par Vanessa Bonjour! Je m&rsquo;appelle Vanessa. Di\u00e9t\u00e9tiste-nutritionniste, conf\u00e9renci\u00e8re et cuisini\u00e8re passionn\u00e9e, enti\u00e8rement d\u00e9vou\u00e9e \u00e0 vous faire tomber amoureux d&rsquo;un mode de vie sain. EN SAVOIR PLUS \u00c0 table! 01 RECETTES NOURISSANTES En manque d&rsquo;id\u00e9es de repas savoureux pour les soirs de semaine? Voici 5 recettes simples et d\u00e9licieuses [&hellip;]<\/p>\n","protected":false},"author":2,"featured_media":0,"parent":0,"menu_order":0,"comment_status":"closed","ping_status":"closed","template":"page-templates\/page-builder.php","meta":{"_genesis_hide_title":false,"_genesis_hide_breadcrumbs":false,"_genesis_hide_singular_image":false,"_genesis_hide_footer_widgets":false,"_genesis_custom_body_class":"","_genesis_custom_post_class":"","_genesis_layout":"full-width-content","footnotes":""},"yoast_head":"<!-- This site is optimized with the Yoast SEO plugin v21.2 - https:\/\/yoast.com\/wordpress\/plugins\/seo\/ -->\n<title>Vanessa Perrone<\/title>\n<meta name=\"robots\" content=\"index, follow, max-snippet:-1, max-image-preview:large, max-video-preview:-1\" \/>\n<link rel=\"canonical\" href=\"https:\/\/vanessaperrone.com\/fr\/\" \/>\n<meta property=\"og:locale\" content=\"fr_FR\" \/>\n<meta property=\"og:type\" content=\"article\" \/>\n<meta property=\"og:title\" content=\"Vanessa Perrone\" \/>\n<meta property=\"og:description\" content=\"Mangez \u00e0 la m\u00e9diterran\u00e9enne avec Vanessa Recettes par Vanessa Bonjour! Je m&rsquo;appelle Vanessa. Di\u00e9t\u00e9tiste-nutritionniste, conf\u00e9renci\u00e8re et cuisini\u00e8re passionn\u00e9e, enti\u00e8rement d\u00e9vou\u00e9e \u00e0 vous faire tomber amoureux d&rsquo;un mode de vie sain. EN SAVOIR PLUS \u00c0 table! 01 RECETTES NOURISSANTES En manque d&rsquo;id\u00e9es de repas savoureux pour les soirs de semaine? Voici 5 recettes simples et d\u00e9licieuses [&hellip;]\" \/>\n<meta property=\"og:url\" content=\"https:\/\/vanessaperrone.com\/fr\/\" \/>\n<meta property=\"og:site_name\" content=\"Vanessa Perrone\" \/>\n<meta property=\"article:modified_time\" content=\"2022-04-01T17:11:57+00:00\" \/>\n<meta property=\"og:image\" content=\"https:\/\/vanessaperrone.com\/wp-content\/uploads\/2021\/08\/Home-About@2x.jpg\" \/>\n<meta name=\"twitter:card\" content=\"summary_large_image\" \/>\n<meta name=\"twitter:label1\" content=\"Dur\u00e9e de lecture estim\u00e9e\" \/>\n\t<meta name=\"twitter:data1\" content=\"2 minutes\" \/>\n<script type=\"application\/ld+json\" class=\"yoast-schema-graph\">{\"@context\":\"https:\/\/schema.org\",\"@graph\":[{\"@type\":\"WebPage\",\"@id\":\"https:\/\/vanessaperrone.com\/fr\/\",\"url\":\"https:\/\/vanessaperrone.com\/fr\/\",\"name\":\"Vanessa Perrone\",\"isPartOf\":{\"@id\":\"https:\/\/vanessaperrone.com\/#website\"},\"datePublished\":\"2021-08-26T11:32:35+00:00\",\"dateModified\":\"2022-04-01T17:11:57+00:00\",\"breadcrumb\":{\"@id\":\"https:\/\/vanessaperrone.com\/fr\/#breadcrumb\"},\"inLanguage\":\"fr-FR\",\"potentialAction\":[{\"@type\":\"ReadAction\",\"target\":[\"https:\/\/vanessaperrone.com\/fr\/\"]}]},{\"@type\":\"BreadcrumbList\",\"@id\":\"https:\/\/vanessaperrone.com\/fr\/#breadcrumb\",\"itemListElement\":[{\"@type\":\"ListItem\",\"position\":1,\"name\":\"Home\",\"item\":\"https:\/\/vanessaperrone.com\/fr\/\"},{\"@type\":\"ListItem\",\"position\":2,\"name\":\"Home\"}]},{\"@type\":\"WebSite\",\"@id\":\"https:\/\/vanessaperrone.com\/#website\",\"url\":\"https:\/\/vanessaperrone.com\/\",\"name\":\"Vanessa Perrone\",\"description\":\"Mindful eating &amp; mediterranean living\",\"potentialAction\":[{\"@type\":\"SearchAction\",\"target\":{\"@type\":\"EntryPoint\",\"urlTemplate\":\"https:\/\/vanessaperrone.com\/?s={search_term_string}\"},\"query-input\":\"required name=search_term_string\"}],\"inLanguage\":\"fr-FR\"}]}<\/script>\n<!-- \/ Yoast SEO plugin. -->","yoast_head_json":{"title":"Vanessa Perrone","robots":{"index":"index","follow":"follow","max-snippet":"max-snippet:-1","max-image-preview":"max-image-preview:large","max-video-preview":"max-video-preview:-1"},"canonical":"https:\/\/vanessaperrone.com\/fr\/","og_locale":"fr_FR","og_type":"article","og_title":"Vanessa Perrone","og_description":"Mangez \u00e0 la m\u00e9diterran\u00e9enne avec Vanessa Recettes par Vanessa Bonjour! Je m&rsquo;appelle Vanessa. Di\u00e9t\u00e9tiste-nutritionniste, conf\u00e9renci\u00e8re et cuisini\u00e8re passionn\u00e9e, enti\u00e8rement d\u00e9vou\u00e9e \u00e0 vous faire tomber amoureux d&rsquo;un mode de vie sain. EN SAVOIR PLUS \u00c0 table! 01 RECETTES NOURISSANTES En manque d&rsquo;id\u00e9es de repas savoureux pour les soirs de semaine? Voici 5 recettes simples et d\u00e9licieuses [&hellip;]","og_url":"https:\/\/vanessaperrone.com\/fr\/","og_site_name":"Vanessa Perrone","article_modified_time":"2022-04-01T17:11:57+00:00","og_image":[{"url":"https:\/\/vanessaperrone.com\/wp-content\/uploads\/2021\/08\/Home-About@2x.jpg"}],"twitter_card":"summary_large_image","twitter_misc":{"Dur\u00e9e de lecture estim\u00e9e":"2 minutes"},"schema":{"@context":"https:\/\/schema.org","@graph":[{"@type":"WebPage","@id":"https:\/\/vanessaperrone.com\/fr\/","url":"https:\/\/vanessaperrone.com\/fr\/","name":"Vanessa Perrone","isPartOf":{"@id":"https:\/\/vanessaperrone.com\/#website"},"datePublished":"2021-08-26T11:32:35+00:00","dateModified":"2022-04-01T17:11:57+00:00","breadcrumb":{"@id":"https:\/\/vanessaperrone.com\/fr\/#breadcrumb"},"inLanguage":"fr-FR","potentialAction":[{"@type":"ReadAction","target":["https:\/\/vanessaperrone.com\/fr\/"]}]},{"@type":"BreadcrumbList","@id":"https:\/\/vanessaperrone.com\/fr\/#breadcrumb","itemListElement":[{"@type":"ListItem","position":1,"name":"Home","item":"https:\/\/vanessaperrone.com\/fr\/"},{"@type":"ListItem","position":2,"name":"Home"}]},{"@type":"WebSite","@id":"https:\/\/vanessaperrone.com\/#website","url":"https:\/\/vanessaperrone.com\/","name":"Vanessa Perrone","description":"Mindful eating &amp; mediterranean living","potentialAction":[{"@type":"SearchAction","target":{"@type":"EntryPoint","urlTemplate":"https:\/\/vanessaperrone.com\/?s={search_term_string}"},"query-input":"required name=search_term_string"}],"inLanguage":"fr-FR"}]}},"_links":{"self":[{"href":"https:\/\/vanessaperrone.com\/fr\/wp-json\/wp\/v2\/pages\/729"}],"collection":[{"href":"https:\/\/vanessaperrone.com\/fr\/wp-json\/wp\/v2\/pages"}],"about":[{"href":"https:\/\/vanessaperrone.com\/fr\/wp-json\/wp\/v2\/types\/page"}],"author":[{"embeddable":true,"href":"https:\/\/vanessaperrone.com\/fr\/wp-json\/wp\/v2\/users\/2"}],"replies":[{"embeddable":true,"href":"https:\/\/vanessaperrone.com\/fr\/wp-json\/wp\/v2\/comments?post=729"}],"version-history":[{"count":24,"href":"https:\/\/vanessaperrone.com\/fr\/wp-json\/wp\/v2\/pages\/729\/revisions"}],"predecessor-version":[{"id":1270,"href":"https:\/\/vanessaperrone.com\/fr\/wp-json\/wp\/v2\/pages\/729\/revisions\/1270"}],"wp:attachment":[{"href":"https:\/\/vanessaperrone.com\/fr\/wp-json\/wp\/v2\/media?parent=729"}],"curies":[{"name":"wp","href":"https:\/\/api.w.org\/{rel}","templated":true}]}}