{"id":745,"date":"2021-09-07T03:30:04","date_gmt":"2021-09-07T03:30:04","guid":{"rendered":"https:\/\/vanessaperrone.com\/program\/"},"modified":"2022-01-13T21:36:28","modified_gmt":"2022-01-13T21:36:28","slug":"ateliers","status":"publish","type":"page","link":"https:\/\/vanessaperrone.com\/fr\/ateliers\/","title":{"rendered":"Ateliers"},"content":{"rendered":"\n<h1>\n\t\tAteliers\n\t<\/h1>\n<h2>\n\t\tpar Vanessa\n\t<\/h2>\n\t\t\t\t<img decoding=\"async\" loading=\"lazy\" src=\"https:\/\/vanessaperrone.com\/wp-content\/uploads\/2021\/09\/VP_Ateliers@2x.jpg\" alt=\"VP_Ateliers@2x\" itemprop=\"image\" height=\"1020\" width=\"1020\" title=\"VP_Ateliers@2x\" onerror=\"this.style.display='none'\"  \/>\n<h2>\n\t\tAteliers culinaires \n\t<\/h2>\n<h3>\n\t\tAteliers virtuels \u00e0 la m\u00e9diterran\u00e9enne\n\t<\/h3>\n\t<p>Participez \u00e0 des ateliers de cuisine virtuels inspir\u00e9s du de vie m\u00e9diterran\u00e9en. Pr\u00e9parez une recette en temps r\u00e9el et apprenez \u00e0 conna\u00eetre de nouveaux ingr\u00e9dients en cuisine avec Vanessa.<\/p>\n\t\t\t<a href=\"https:\/\/vanessaperrone.lpages.co\/ateliers-culinaires-informations\/\" target=\"_blank\" role=\"button\" rel=\"noopener\">\n\t\t\t\t\t\t\tInscrivez-vous maintenant\n\t\t\t\t\t<\/a>\n\t\t\t\t<img decoding=\"async\" src=\"https:\/\/vanessaperrone.com\/wp-content\/uploads\/2021\/09\/Programs-Quote-Icon@2x-1.png\" alt=\"Programs-Quote-Icon@2x-1.png\" itemprop=\"image\" title=\"Programs-Quote-Icon@2x-1.png\" onerror=\"this.style.display='none'\"  \/>\n<h3>\n\t\t\u00ab&nbsp;Il y a une grosse diff\u00e9rence entre ce que l&rsquo;on <i>sait<\/i> et ce que l&rsquo;on <i>fait<\/i>. Mais quand on passe \u00e0 l&rsquo;action&#8230;tout est possible.&nbsp;\u00bb\n\t<\/h3>\n<h2>\n\t\tAlimentez votre Vie\n\t<\/h2>\n\t<p>Laissez votre courriel pour recevoir notre meilleur contenu.<\/p>\n<h2>\n\t\tBesoin de soutien\n\t<\/h2>\n<h2>\n\t\tindividuel?\n\t<\/h2>\n\t<p>Prenez rendez-vous avec une di\u00e9t\u00e9tiste-nutritionniste.<\/p>\n\t\t\t<a href=\"https:\/\/motivenutrition.com\/fr\/\" target=\"_blank\" role=\"button\" rel=\"noopener\">\n\t\t\t\t\t\t\tPRENDRE RENDEZ-VOUS\n\t\t\t\t\t<\/a>\n\n","protected":false},"excerpt":{"rendered":"<p>Ateliers par Vanessa Ateliers culinaires Ateliers virtuels \u00e0 la m\u00e9diterran\u00e9enne Participez \u00e0 des ateliers de cuisine virtuels inspir\u00e9s du de vie m\u00e9diterran\u00e9en. Pr\u00e9parez une recette en temps r\u00e9el et apprenez \u00e0 conna\u00eetre de nouveaux ingr\u00e9dients en cuisine avec Vanessa. Inscrivez-vous maintenant \u00ab&nbsp;Il y a une grosse diff\u00e9rence entre ce que l&rsquo;on sait et ce que [&hellip;]<\/p>\n","protected":false},"author":2,"featured_media":0,"parent":0,"menu_order":0,"comment_status":"closed","ping_status":"closed","template":"page-templates\/page-builder.php","meta":{"_genesis_hide_title":false,"_genesis_hide_breadcrumbs":false,"_genesis_hide_singular_image":false,"_genesis_hide_footer_widgets":false,"_genesis_custom_body_class":"","_genesis_custom_post_class":"","_genesis_layout":"full-width-content","footnotes":""},"yoast_head":"<!-- This site is optimized with the Yoast SEO plugin v21.2 - https:\/\/yoast.com\/wordpress\/plugins\/seo\/ -->\n<title>Ateliers - Vanessa Perrone<\/title>\n<meta name=\"robots\" content=\"index, follow, max-snippet:-1, max-image-preview:large, max-video-preview:-1\" \/>\n<link rel=\"canonical\" href=\"https:\/\/vanessaperrone.com\/fr\/ateliers\/\" \/>\n<meta property=\"og:locale\" content=\"fr_FR\" \/>\n<meta property=\"og:type\" content=\"article\" \/>\n<meta property=\"og:title\" content=\"Ateliers - Vanessa Perrone\" \/>\n<meta property=\"og:description\" content=\"Ateliers par Vanessa Ateliers culinaires Ateliers virtuels \u00e0 la m\u00e9diterran\u00e9enne Participez \u00e0 des ateliers de cuisine virtuels inspir\u00e9s du de vie m\u00e9diterran\u00e9en. Pr\u00e9parez une recette en temps r\u00e9el et apprenez \u00e0 conna\u00eetre de nouveaux ingr\u00e9dients en cuisine avec Vanessa. Inscrivez-vous maintenant \u00ab&nbsp;Il y a une grosse diff\u00e9rence entre ce que l&rsquo;on sait et ce que [&hellip;]\" \/>\n<meta property=\"og:url\" content=\"https:\/\/vanessaperrone.com\/fr\/ateliers\/\" \/>\n<meta property=\"og:site_name\" content=\"Vanessa Perrone\" \/>\n<meta property=\"article:modified_time\" content=\"2022-01-13T21:36:28+00:00\" \/>\n<meta property=\"og:image\" content=\"https:\/\/vanessaperrone.com\/wp-content\/uploads\/2021\/09\/VP_Ateliers@2x.jpg\" \/>\n<meta name=\"twitter:card\" content=\"summary_large_image\" \/>\n<meta name=\"twitter:label1\" content=\"Dur\u00e9e de lecture estim\u00e9e\" \/>\n\t<meta name=\"twitter:data1\" content=\"1 minute\" \/>\n<script type=\"application\/ld+json\" class=\"yoast-schema-graph\">{\"@context\":\"https:\/\/schema.org\",\"@graph\":[{\"@type\":\"WebPage\",\"@id\":\"https:\/\/vanessaperrone.com\/fr\/ateliers\/\",\"url\":\"https:\/\/vanessaperrone.com\/fr\/ateliers\/\",\"name\":\"Ateliers - Vanessa Perrone\",\"isPartOf\":{\"@id\":\"https:\/\/vanessaperrone.com\/#website\"},\"datePublished\":\"2021-09-07T03:30:04+00:00\",\"dateModified\":\"2022-01-13T21:36:28+00:00\",\"breadcrumb\":{\"@id\":\"https:\/\/vanessaperrone.com\/fr\/ateliers\/#breadcrumb\"},\"inLanguage\":\"fr-FR\",\"potentialAction\":[{\"@type\":\"ReadAction\",\"target\":[\"https:\/\/vanessaperrone.com\/fr\/ateliers\/\"]}]},{\"@type\":\"BreadcrumbList\",\"@id\":\"https:\/\/vanessaperrone.com\/fr\/ateliers\/#breadcrumb\",\"itemListElement\":[{\"@type\":\"ListItem\",\"position\":1,\"name\":\"Home\",\"item\":\"https:\/\/vanessaperrone.com\/fr\/\"},{\"@type\":\"ListItem\",\"position\":2,\"name\":\"Ateliers\"}]},{\"@type\":\"WebSite\",\"@id\":\"https:\/\/vanessaperrone.com\/#website\",\"url\":\"https:\/\/vanessaperrone.com\/\",\"name\":\"Vanessa Perrone\",\"description\":\"Mindful eating &amp; mediterranean living\",\"potentialAction\":[{\"@type\":\"SearchAction\",\"target\":{\"@type\":\"EntryPoint\",\"urlTemplate\":\"https:\/\/vanessaperrone.com\/?s={search_term_string}\"},\"query-input\":\"required name=search_term_string\"}],\"inLanguage\":\"fr-FR\"}]}<\/script>\n<!-- \/ Yoast SEO plugin. -->","yoast_head_json":{"title":"Ateliers - Vanessa Perrone","robots":{"index":"index","follow":"follow","max-snippet":"max-snippet:-1","max-image-preview":"max-image-preview:large","max-video-preview":"max-video-preview:-1"},"canonical":"https:\/\/vanessaperrone.com\/fr\/ateliers\/","og_locale":"fr_FR","og_type":"article","og_title":"Ateliers - Vanessa Perrone","og_description":"Ateliers par Vanessa Ateliers culinaires Ateliers virtuels \u00e0 la m\u00e9diterran\u00e9enne Participez \u00e0 des ateliers de cuisine virtuels inspir\u00e9s du de vie m\u00e9diterran\u00e9en. Pr\u00e9parez une recette en temps r\u00e9el et apprenez \u00e0 conna\u00eetre de nouveaux ingr\u00e9dients en cuisine avec Vanessa. Inscrivez-vous maintenant \u00ab&nbsp;Il y a une grosse diff\u00e9rence entre ce que l&rsquo;on sait et ce que [&hellip;]","og_url":"https:\/\/vanessaperrone.com\/fr\/ateliers\/","og_site_name":"Vanessa Perrone","article_modified_time":"2022-01-13T21:36:28+00:00","og_image":[{"url":"https:\/\/vanessaperrone.com\/wp-content\/uploads\/2021\/09\/VP_Ateliers@2x.jpg"}],"twitter_card":"summary_large_image","twitter_misc":{"Dur\u00e9e de lecture estim\u00e9e":"1 minute"},"schema":{"@context":"https:\/\/schema.org","@graph":[{"@type":"WebPage","@id":"https:\/\/vanessaperrone.com\/fr\/ateliers\/","url":"https:\/\/vanessaperrone.com\/fr\/ateliers\/","name":"Ateliers - Vanessa Perrone","isPartOf":{"@id":"https:\/\/vanessaperrone.com\/#website"},"datePublished":"2021-09-07T03:30:04+00:00","dateModified":"2022-01-13T21:36:28+00:00","breadcrumb":{"@id":"https:\/\/vanessaperrone.com\/fr\/ateliers\/#breadcrumb"},"inLanguage":"fr-FR","potentialAction":[{"@type":"ReadAction","target":["https:\/\/vanessaperrone.com\/fr\/ateliers\/"]}]},{"@type":"BreadcrumbList","@id":"https:\/\/vanessaperrone.com\/fr\/ateliers\/#breadcrumb","itemListElement":[{"@type":"ListItem","position":1,"name":"Home","item":"https:\/\/vanessaperrone.com\/fr\/"},{"@type":"ListItem","position":2,"name":"Ateliers"}]},{"@type":"WebSite","@id":"https:\/\/vanessaperrone.com\/#website","url":"https:\/\/vanessaperrone.com\/","name":"Vanessa Perrone","description":"Mindful eating &amp; mediterranean living","potentialAction":[{"@type":"SearchAction","target":{"@type":"EntryPoint","urlTemplate":"https:\/\/vanessaperrone.com\/?s={search_term_string}"},"query-input":"required name=search_term_string"}],"inLanguage":"fr-FR"}]}},"_links":{"self":[{"href":"https:\/\/vanessaperrone.com\/fr\/wp-json\/wp\/v2\/pages\/745"}],"collection":[{"href":"https:\/\/vanessaperrone.com\/fr\/wp-json\/wp\/v2\/pages"}],"about":[{"href":"https:\/\/vanessaperrone.com\/fr\/wp-json\/wp\/v2\/types\/page"}],"author":[{"embeddable":true,"href":"https:\/\/vanessaperrone.com\/fr\/wp-json\/wp\/v2\/users\/2"}],"replies":[{"embeddable":true,"href":"https:\/\/vanessaperrone.com\/fr\/wp-json\/wp\/v2\/comments?post=745"}],"version-history":[{"count":8,"href":"https:\/\/vanessaperrone.com\/fr\/wp-json\/wp\/v2\/pages\/745\/revisions"}],"predecessor-version":[{"id":1216,"href":"https:\/\/vanessaperrone.com\/fr\/wp-json\/wp\/v2\/pages\/745\/revisions\/1216"}],"wp:attachment":[{"href":"https:\/\/vanessaperrone.com\/fr\/wp-json\/wp\/v2\/media?parent=745"}],"curies":[{"name":"wp","href":"https:\/\/api.w.org\/{rel}","templated":true}]}}