{"id":754,"date":"2021-08-26T09:22:01","date_gmt":"2021-08-26T09:22:01","guid":{"rendered":"https:\/\/vanessaperrone.com\/privacy-policy\/"},"modified":"2022-12-12T15:25:16","modified_gmt":"2022-12-12T15:25:16","slug":"privacy-policy","status":"publish","type":"page","link":"https:\/\/vanessaperrone.com\/fr\/privacy-policy\/","title":{"rendered":"Politique de confidentialit\u00e9"},"content":{"rendered":"\n<p><\/p>\n\n\n\n<p><\/p>\n\n\n\n<p>Nous prenons au s\u00e9rieux votre int\u00e9r\u00eat pour la mani\u00e8re dont vos informations sont collect\u00e9es et utilis\u00e9es et nous nous engageons \u00e0 prot\u00e9ger votre vie priv\u00e9e et vos informations personnelles. Cette politique de confidentialit\u00e9 r\u00e9git la mani\u00e8re dont Vanessa Perrone collecte, utilise, conserve et divulgue les informations collect\u00e9es aupr\u00e8s des utilisateurs (chacun, un \u00ab Utilisateur \u00bb) du Site. Cette politique de confidentialit\u00e9 s&rsquo;applique au Site et \u00e0 tous les produits et services propos\u00e9s par Vanessa Perrone.<br><br>Nous pouvons collecter des informations d&rsquo;identification personnelle aupr\u00e8s des utilisateurs de diverses mani\u00e8res, y compris, mais sans s&rsquo;y limiter, lorsque les utilisateurs s&rsquo;abonnent \u00e0 notre newsletter et en relation avec d&rsquo;autres activit\u00e9s, services, programmes ou ressources que nous mettons \u00e0 disposition sur notre site. Les utilisateurs peuvent se voir demander, le cas \u00e9ch\u00e9ant, le nom, l&rsquo;adresse e-mail, l&rsquo;adresse de facturation\/livraison\/postale et les informations de carte de cr\u00e9dit, pour les achats de produits.<br><br>Nous ne collecterons les informations d&rsquo;identification personnelle des Utilisateurs que s&rsquo;ils nous soumettent volontairement ces informations. Les utilisateurs peuvent toujours refuser de fournir des informations d&rsquo;identification personnelle, sauf que cela peut les emp\u00eacher de s&rsquo;engager dans certaines activit\u00e9s li\u00e9es au site.<br><br>Cookies du navigateur Web<br><br>Notre site peut utiliser des \u00ab cookies \u00bb pour am\u00e9liorer l&rsquo;exp\u00e9rience utilisateur. La plupart des navigateurs Web acceptent automatiquement les cookies, qui sont ensuite enregistr\u00e9s sur le disque dur de l&rsquo;utilisateur \u00e0 des fins d&rsquo;enregistrement et parfois pour suivre les informations les concernant. Vous pouvez choisir de configurer votre navigateur Web pour refuser les cookies ou pour vous alerter lorsque des cookies sont envoy\u00e9s. Si vous le faites, notez que certaines parties du site peuvent ne pas fonctionner correctement.<br><br>Comment nous utilisons les informations collect\u00e9es<br><br>Vanessa Perrone collecte et utilise les informations personnelles des Utilisateurs aux fins suivantes :<br><br>Pour traiter les transactions&nbsp;: nous pouvons utiliser les informations fournies par les utilisateurs sur eux-m\u00eames lors de la passation d&rsquo;une commande uniquement pour fournir un service \u00e0 cette commande. Nous ne partageons pas ces informations avec des tiers, sauf dans la mesure n\u00e9cessaire pour fournir le service.<br>Pour administrer un contenu, une promotion, une enqu\u00eate ou une autre fonctionnalit\u00e9 du Site<br>Pour envoyer aux Utilisateurs des informations qu&rsquo;ils ont accept\u00e9 de recevoir sur des sujets que nous pensons susceptibles de les int\u00e9resser.<br>Pour envoyer des e-mails p\u00e9riodiques<br>L&rsquo;adresse e-mail fournie par les utilisateurs pour le traitement des commandes ne sera utilis\u00e9e que pour leur envoyer des informations et des mises \u00e0 jour relatives \u00e0 leur commande. Il peut \u00e9galement \u00eatre utilis\u00e9 pour r\u00e9pondre \u00e0 leurs demandes de renseignements et\/ou \u00e0 d&rsquo;autres demandes ou questions. Si l&rsquo;utilisateur d\u00e9cide de s&rsquo;inscrire \u00e0 notre liste de diffusion, il recevra des e-mails pouvant inclure des nouvelles de l&rsquo;entreprise, des mises \u00e0 jour, des informations sur les produits ou services connexes, etc. instructions de d\u00e9sabonnement au bas de chaque e-mail ou l&rsquo;utilisateur peut nous contacter via notre site.<\/p>\n\n\n\n<p>Comment nous prot\u00e9geons vos informations<br><br>Nous adoptons des pratiques appropri\u00e9es de collecte, de stockage et de traitement des donn\u00e9es et des mesures de s\u00e9curit\u00e9 pour prot\u00e9ger contre l&rsquo;acc\u00e8s non autoris\u00e9, l&rsquo;alt\u00e9ration, la divulgation ou la destruction de vos informations personnelles, nom d&rsquo;utilisateur, mot de passe, informations de transaction et donn\u00e9es stock\u00e9es sur notre site. Nous ne vendons, n&rsquo;\u00e9changeons ni ne louons vos informations d&rsquo;identification personnelles \u00e0 des tiers. Nous pouvons partager des informations d\u00e9mographiques agr\u00e9g\u00e9es g\u00e9n\u00e9riques non li\u00e9es \u00e0 des informations d&rsquo;identification personnelle concernant les visiteurs et les utilisateurs avec nos partenaires commerciaux, nos affili\u00e9s de confiance et nos annonceurs. Nous pouvons faire appel \u00e0 des prestataires de services tiers pour nous aider \u00e0 exploiter notre entreprise et le site ou administrer des activit\u00e9s en notre nom, telles que l&rsquo;envoi de newsletters ou d&rsquo;enqu\u00eates. Nous pouvons partager vos informations avec ces tiers \u00e0 ces fins limit\u00e9es \u00e0 condition que vous nous ayez donn\u00e9 votre permission.<br><br>Nous contacter<br><br>Si vous avez des questions ou des pr\u00e9occupations concernant ces Conditions ou la Politique de confidentialit\u00e9, veuillez nous contacter \u00e0 contact@motivenutrition.com<\/p>\n","protected":false},"excerpt":{"rendered":"<p>Nous prenons au s\u00e9rieux votre int\u00e9r\u00eat pour la mani\u00e8re dont vos informations sont collect\u00e9es et utilis\u00e9es et nous nous engageons \u00e0 prot\u00e9ger votre vie priv\u00e9e et vos informations personnelles. Cette politique de confidentialit\u00e9 r\u00e9git la mani\u00e8re dont Vanessa Perrone collecte, utilise, conserve et divulgue les informations collect\u00e9es aupr\u00e8s des utilisateurs (chacun, un \u00ab Utilisateur \u00bb) [&hellip;]<\/p>\n","protected":false},"author":2,"featured_media":0,"parent":0,"menu_order":0,"comment_status":"closed","ping_status":"open","template":"","meta":{"_genesis_hide_title":false,"_genesis_hide_breadcrumbs":false,"_genesis_hide_singular_image":false,"_genesis_hide_footer_widgets":false,"_genesis_custom_body_class":"","_genesis_custom_post_class":"","_genesis_layout":"","footnotes":""},"yoast_head":"<!-- This site is optimized with the Yoast SEO plugin v21.2 - https:\/\/yoast.com\/wordpress\/plugins\/seo\/ -->\n<title>Politique de confidentialit\u00e9 - Vanessa Perrone<\/title>\n<meta name=\"robots\" content=\"index, follow, max-snippet:-1, max-image-preview:large, max-video-preview:-1\" \/>\n<link rel=\"canonical\" href=\"https:\/\/vanessaperrone.com\/fr\/privacy-policy\/\" \/>\n<meta property=\"og:locale\" content=\"fr_FR\" \/>\n<meta property=\"og:type\" content=\"article\" \/>\n<meta property=\"og:title\" content=\"Politique de confidentialit\u00e9 - Vanessa Perrone\" \/>\n<meta property=\"og:description\" content=\"Nous prenons au s\u00e9rieux votre int\u00e9r\u00eat pour la mani\u00e8re dont vos informations sont collect\u00e9es et utilis\u00e9es et nous nous engageons \u00e0 prot\u00e9ger votre vie priv\u00e9e et vos informations personnelles. Cette politique de confidentialit\u00e9 r\u00e9git la mani\u00e8re dont Vanessa Perrone collecte, utilise, conserve et divulgue les informations collect\u00e9es aupr\u00e8s des utilisateurs (chacun, un \u00ab Utilisateur \u00bb) [&hellip;]\" \/>\n<meta property=\"og:url\" content=\"https:\/\/vanessaperrone.com\/fr\/privacy-policy\/\" \/>\n<meta property=\"og:site_name\" content=\"Vanessa Perrone\" \/>\n<meta property=\"article:modified_time\" content=\"2022-12-12T15:25:16+00:00\" \/>\n<meta name=\"twitter:card\" content=\"summary_large_image\" \/>\n<meta name=\"twitter:label1\" content=\"Dur\u00e9e de lecture estim\u00e9e\" \/>\n\t<meta name=\"twitter:data1\" content=\"3 minutes\" \/>\n<script type=\"application\/ld+json\" class=\"yoast-schema-graph\">{\"@context\":\"https:\/\/schema.org\",\"@graph\":[{\"@type\":\"WebPage\",\"@id\":\"https:\/\/vanessaperrone.com\/fr\/privacy-policy\/\",\"url\":\"https:\/\/vanessaperrone.com\/fr\/privacy-policy\/\",\"name\":\"Politique de confidentialit\u00e9 - Vanessa Perrone\",\"isPartOf\":{\"@id\":\"https:\/\/vanessaperrone.com\/#website\"},\"datePublished\":\"2021-08-26T09:22:01+00:00\",\"dateModified\":\"2022-12-12T15:25:16+00:00\",\"breadcrumb\":{\"@id\":\"https:\/\/vanessaperrone.com\/fr\/privacy-policy\/#breadcrumb\"},\"inLanguage\":\"fr-FR\",\"potentialAction\":[{\"@type\":\"ReadAction\",\"target\":[\"https:\/\/vanessaperrone.com\/fr\/privacy-policy\/\"]}]},{\"@type\":\"BreadcrumbList\",\"@id\":\"https:\/\/vanessaperrone.com\/fr\/privacy-policy\/#breadcrumb\",\"itemListElement\":[{\"@type\":\"ListItem\",\"position\":1,\"name\":\"Home\",\"item\":\"https:\/\/vanessaperrone.com\/fr\/\"},{\"@type\":\"ListItem\",\"position\":2,\"name\":\"Politique de confidentialit\u00e9\"}]},{\"@type\":\"WebSite\",\"@id\":\"https:\/\/vanessaperrone.com\/#website\",\"url\":\"https:\/\/vanessaperrone.com\/\",\"name\":\"Vanessa Perrone\",\"description\":\"Mindful eating &amp; mediterranean living\",\"potentialAction\":[{\"@type\":\"SearchAction\",\"target\":{\"@type\":\"EntryPoint\",\"urlTemplate\":\"https:\/\/vanessaperrone.com\/?s={search_term_string}\"},\"query-input\":\"required name=search_term_string\"}],\"inLanguage\":\"fr-FR\"}]}<\/script>\n<!-- \/ Yoast SEO plugin. -->","yoast_head_json":{"title":"Politique de confidentialit\u00e9 - Vanessa Perrone","robots":{"index":"index","follow":"follow","max-snippet":"max-snippet:-1","max-image-preview":"max-image-preview:large","max-video-preview":"max-video-preview:-1"},"canonical":"https:\/\/vanessaperrone.com\/fr\/privacy-policy\/","og_locale":"fr_FR","og_type":"article","og_title":"Politique de confidentialit\u00e9 - Vanessa Perrone","og_description":"Nous prenons au s\u00e9rieux votre int\u00e9r\u00eat pour la mani\u00e8re dont vos informations sont collect\u00e9es et utilis\u00e9es et nous nous engageons \u00e0 prot\u00e9ger votre vie priv\u00e9e et vos informations personnelles. Cette politique de confidentialit\u00e9 r\u00e9git la mani\u00e8re dont Vanessa Perrone collecte, utilise, conserve et divulgue les informations collect\u00e9es aupr\u00e8s des utilisateurs (chacun, un \u00ab Utilisateur \u00bb) [&hellip;]","og_url":"https:\/\/vanessaperrone.com\/fr\/privacy-policy\/","og_site_name":"Vanessa Perrone","article_modified_time":"2022-12-12T15:25:16+00:00","twitter_card":"summary_large_image","twitter_misc":{"Dur\u00e9e de lecture estim\u00e9e":"3 minutes"},"schema":{"@context":"https:\/\/schema.org","@graph":[{"@type":"WebPage","@id":"https:\/\/vanessaperrone.com\/fr\/privacy-policy\/","url":"https:\/\/vanessaperrone.com\/fr\/privacy-policy\/","name":"Politique de confidentialit\u00e9 - Vanessa Perrone","isPartOf":{"@id":"https:\/\/vanessaperrone.com\/#website"},"datePublished":"2021-08-26T09:22:01+00:00","dateModified":"2022-12-12T15:25:16+00:00","breadcrumb":{"@id":"https:\/\/vanessaperrone.com\/fr\/privacy-policy\/#breadcrumb"},"inLanguage":"fr-FR","potentialAction":[{"@type":"ReadAction","target":["https:\/\/vanessaperrone.com\/fr\/privacy-policy\/"]}]},{"@type":"BreadcrumbList","@id":"https:\/\/vanessaperrone.com\/fr\/privacy-policy\/#breadcrumb","itemListElement":[{"@type":"ListItem","position":1,"name":"Home","item":"https:\/\/vanessaperrone.com\/fr\/"},{"@type":"ListItem","position":2,"name":"Politique de confidentialit\u00e9"}]},{"@type":"WebSite","@id":"https:\/\/vanessaperrone.com\/#website","url":"https:\/\/vanessaperrone.com\/","name":"Vanessa Perrone","description":"Mindful eating &amp; mediterranean living","potentialAction":[{"@type":"SearchAction","target":{"@type":"EntryPoint","urlTemplate":"https:\/\/vanessaperrone.com\/?s={search_term_string}"},"query-input":"required name=search_term_string"}],"inLanguage":"fr-FR"}]}},"_links":{"self":[{"href":"https:\/\/vanessaperrone.com\/fr\/wp-json\/wp\/v2\/pages\/754"}],"collection":[{"href":"https:\/\/vanessaperrone.com\/fr\/wp-json\/wp\/v2\/pages"}],"about":[{"href":"https:\/\/vanessaperrone.com\/fr\/wp-json\/wp\/v2\/types\/page"}],"author":[{"embeddable":true,"href":"https:\/\/vanessaperrone.com\/fr\/wp-json\/wp\/v2\/users\/2"}],"replies":[{"embeddable":true,"href":"https:\/\/vanessaperrone.com\/fr\/wp-json\/wp\/v2\/comments?post=754"}],"version-history":[{"count":2,"href":"https:\/\/vanessaperrone.com\/fr\/wp-json\/wp\/v2\/pages\/754\/revisions"}],"predecessor-version":[{"id":1285,"href":"https:\/\/vanessaperrone.com\/fr\/wp-json\/wp\/v2\/pages\/754\/revisions\/1285"}],"wp:attachment":[{"href":"https:\/\/vanessaperrone.com\/fr\/wp-json\/wp\/v2\/media?parent=754"}],"curies":[{"name":"wp","href":"https:\/\/api.w.org\/{rel}","templated":true}]}}