{"id":757,"date":"2021-09-17T21:47:00","date_gmt":"2021-09-17T21:47:00","guid":{"rendered":"https:\/\/vanessaperrone.com\/terms-and-conditions\/"},"modified":"2022-12-12T15:26:55","modified_gmt":"2022-12-12T15:26:55","slug":"terms-and-conditions","status":"publish","type":"page","link":"https:\/\/vanessaperrone.com\/fr\/terms-and-conditions\/","title":{"rendered":"Conditions d&#8217;utilisation"},"content":{"rendered":"\n<p>Veuillez lire ces modalit\u00e9s avant d\u2019utiliser ou de soumettre du contenu sous toute forme ou par tout moyen pour publication sur Vanessaperrone.com. En continuant \u00e0 nous utiliser ou en soumettant du contenu ou des commentaires pour publication sur ce site, vous consentez \u00e0 respecter ces modalit\u00e9s et \u00e0 \u00eatre li\u00e9 par elles. Nous nous r\u00e9servons le droit de modifier ces modalit\u00e9s \u00e0 tout moment, et vous consentez (y compris par le fait que vous continuez \u00e0 utiliser notre site) \u00e0 \u00eatre li\u00e9 par ces modifications.<\/p>\n\n\n\n<p>Il vous faut v\u00e9rifier \u00e0 l\u2019occasion ces modalit\u00e9s et conditions pour demeurer inform\u00e9 de tout ajout ou modification.<\/p>\n\n\n\n<p>SI VOUS NE SOUHAITEZ PAS \u00caTRE LI\u00c9 PAR CE CONTRAT, NE NAVIGUEZ PAS SUR vanessaperrone.com.<\/p>\n\n\n\n<p>Tous droits r\u00e9serv\u00e9s<\/p>\n\n\n\n<p>Vanessa perrone communications inc. (\u00ab&nbsp;Vanessaperrone.com&nbsp;\u00bb) est soit titulaire des droits de propri\u00e9t\u00e9 intellectuelle sur le contenu de notre site Web, notamment du texte en HTML sous-jacent, du texte, des audio clips et des vid\u00e9oclips (y compris l\u2019am\u00e9nagement et la disposition de ce site); soit autoris\u00e9e, par le titulaire des droits de propri\u00e9t\u00e9 intellectuelle sur ce contenu, \u00e0 utiliser le contenu sur notre site Web. Tous les articles, blogues, vid\u00e9os, contenus et autres \u00e9l\u00e9ments dont est compos\u00e9 notre site sont aussi des \u0153uvres prot\u00e9g\u00e9es, et nous (sous r\u00e9serve des droits de nos conc\u00e9dants de licences et licenci\u00e9s en vertu des ententes, des accords et des arrangements applicables) avons tous les droits \u00e0 leur \u00e9gard. Vous devez respecter tous les autres avis ou toutes les autres restrictions sur le droit d\u2019auteur se trouvant sur notre site. Il est interdit de reproduire, de distribuer ou de transmettre les documents de ce site prot\u00e9g\u00e9s par un droit d\u2019auteur sans avoir pr\u00e9alablement obtenu la permission \u00e9crite de Vanessaperrone.com.<\/p>\n\n\n\n<p>LICENCE RESTREINTE<\/p>\n\n\n\n<p>Vanessaperrone.com vous conc\u00e8de une licence strictement restreinte qui vous autorise \u00e0 afficher \u00e0 votre ordinateur, \u00e0 imprimer, \u00e0 t\u00e9l\u00e9charger et \u00e0 utiliser, \u00e0 des fins exclusivement non commerciales (personnelles ou \u00e9ducatives), une seule copie du contenu de notre site Web, notamment du texte en HTML sous-jacent, du texte, des audio clips et des vid\u00e9oclips, pourvu que vous respectiez les conditions suivantes&nbsp;:<\/p>\n\n\n\n<ul>\n<li>Vous ne modifiez pas ce contenu;<\/li>\n\n\n\n<li>Vous faites figurer sur chaque copie de ce contenu l\u2019avis de droit d\u2019auteur qui s\u2019y rapporte et la pr\u00e9sente licence restreinte. Aucune autre utilisation n\u2019est autoris\u00e9e.<\/li>\n<\/ul>\n\n\n\n<p>Sans limiter la port\u00e9e g\u00e9n\u00e9rale de ce qui pr\u00e9c\u00e8de, il vous est interdit de faire ce qui suit&nbsp;:<\/p>\n\n\n\n<ul>\n<li>Utiliser ce contenu \u00e0 des fins commerciales;<\/li>\n\n\n\n<li>Incorporer ou ajouter ce contenu \u00e0 un produit que vous cr\u00e9ez ou que vous distribuez;<\/li>\n\n\n\n<li>Copier ce contenu sur votre site Web ou sur tout autre site Web;<\/li>\n\n\n\n<li>Distribuer ce contenu \u00e0 quiconque.<\/li>\n<\/ul>\n\n\n\n<p>Malgr\u00e9 ce qui pr\u00e9c\u00e8de, aucune disposition de la pr\u00e9sente licence n\u2019a pour effet de conf\u00e9rer quelque droit que ce soit en vertu du droit d\u2019auteur de Vanessaperrone.com ou de tout autre titulaire d\u2019un droit d\u2019auteur \u00e0 l\u2019\u00e9gard du contenu fourni sur notre site Web.<\/p>\n\n\n\n<p>MARQUES DE COMMERCE<\/p>\n\n\n\n<p>\u00ab&nbsp;Vanessaperrone.com&nbsp;\u00bb est une marque de commerce de Vanessa perrone communications inc. Ce site Web renferme diverses autres marques de commerce de Vanessa perrone communications inc. identifi\u00e9es par les symboles \u00ab&nbsp;TM&nbsp;\u00bb ou \u00ab&nbsp;MC&nbsp;\u00bb. Les noms de tous les produits et services mentionn\u00e9s sur notre site Web sont les marques de commerce de leurs propri\u00e9taires respectifs. L\u2019affichage de marques de commerce ou de noms commerciaux sur notre site Web n\u2019a pas pour effet de transmettre ou de cr\u00e9er de licence ou d\u2019autres droits \u00e0 l\u2019\u00e9gard de ces marques ou de ces noms. Il est strictement d\u00e9fendu de les utiliser sans autorisation.<\/p>\n\n\n\n<p>D\u00c9NI DE RESPONSABILIT\u00c9<\/p>\n\n\n\n<p>Vous utilisez \u00e0 vos risques ce site Web et le contenu que vous choisissez de t\u00e9l\u00e9charger. Vanessaperrone.com n\u2019assume aucune responsabilit\u00e9 \u00e0 l\u2019\u00e9gard des co\u00fbts li\u00e9s aux pertes de donn\u00e9es, aux dommages qui leur sont caus\u00e9s, aux r\u00e9parations ou au remplacement de biens, de mat\u00e9riel ou d\u2019\u00e9quipement ou \u00e0 tout autre dommage qui r\u00e9sulte de votre utilisation de ce site Web ou des documents qui s\u2019y trouvent.<\/p>\n\n\n\n<p>Vanessaperrone.com NE GARANTIT PAS LA QUALIT\u00c9, L\u2019EXACTITUDE OU L\u2019INT\u00c9GRALIT\u00c9 DES PR\u00c9TENTIONS, D\u00c9CLARATIONS OU RENSEIGNEMENTS QUI SE TROUVENT SUR NOTRE SITE WEB. Vanessaperrone.com NE FAIT AUCUNE ASSERTION QUANT \u00c0 L\u2019ADAPTATION DES RENSEIGNEMENTS OU DES PRODUITS RENFERM\u00c9S OU OFFERTS SUR CE SITE WEB \u00c0 QUELQUE FIN QUE CE SOIT. TOUS LES RENSEIGNEMENTS SONT FOURNIS&nbsp;\u00ab&nbsp;TELS QUELS&nbsp;\u00bb, SANS GARANTIE OU CONDITION DE QUELQUE NATURE QUE CE SOIT. CE SITE WEB PEUT RENFERMER DES INEXACTITUDES OU DES ERREURS TYPOGRAPHIQUES. Vanessaperrone.com N\u2019EST EN AUCUN CAS RESPONSABLE DE QUELQUE DOMMAGE QUE CE SOIT, DIRECT OU INDIRECT, AYANT TRAIT \u00c0 L\u2019UTILISATION DE CE SITE WEB OU \u00c0 L\u2019INCAPACIT\u00c9 D\u2019UTILISER CE SITE WEB EN TEMPS OPPORTUN, OU AYANT TRAIT \u00c0 TOUT RENSEIGNEMENT, PRODUIT ET SERVICE OBTENUS PAR L\u2019ENTREMISE DE CE SITE WEB, OU D\u00c9COULANT AUTREMENT DE L\u2019UTILISATION DE CE SITE WEB, QUE LE DOMMAGE SOIT FOND\u00c9 SUR UN CONTRAT, UN D\u00c9LIT (Y COMPRIS LA N\u00c9GLIGENCE) OU AUTREMENT, ET CE, M\u00caME S\u2019IL Y A MANQUEMENT FONDAMENTAL OU SI Vanessaperrone.com A \u00c9T\u00c9 AVIS\u00c9E DE LA POSSIBILIT\u00c9 DE DOMMAGES.<\/p>\n\n\n\n<p>LIENS AUX SITES DE TIERS<\/p>\n\n\n\n<p>Ce site Web renferme des hyperliens \u00e0 des sites Web exploit\u00e9s par des tiers autres que Vanessaperrone.com. Ces hyperliens ne sont fournis que pour vous permettre de consulter ces autres sites Web. Vanessaperrone.com ne contr\u00f4le pas ces sites Web et n\u2019est pas responsable de leur contenu. Le fait que des renseignements, des documents ou du contenu se trouvent sur ce site Web, qu\u2019ils y soient mentionn\u00e9s ou qu\u2019il y ait des liens vers eux ou \u00e0 partir d\u2019eux ne constitue pas une promotion expresse ou implicite de produits ou de services de tiers. Vous assumez seul les risques li\u00e9s \u00e0 votre acc\u00e8s \u00e0 ces sites et \u00e0 votre utilisation de ceux-ci, y compris les renseignements, documents, produits et services qui s\u2019y trouvent. En outre, l\u2019\u00e9nonc\u00e9 de notre politique relative \u00e0 la vie priv\u00e9e ne s\u2019applique que lorsque vous \u00eates sur notre site Web. Une fois li\u00e9 \u00e0 un autre site Web, vous devez lire la politique relative \u00e0 la vie priv\u00e9e de cet autre site avant de r\u00e9v\u00e9ler des renseignements personnels.<\/p>\n\n\n\n<p>UTILISATION DES COMMENTAIRES<\/p>\n\n\n\n<p>Vous vous engagez \u00e0 n\u2019utiliser les commentaires pour la communication que pour envoyer vos commentaires li\u00e9s \u00e0 l\u2019article ou au potin en particulier. Vous reconnaissez que les commentaires doivent \u00eatre approuv\u00e9s avant d\u2019\u00eatre publi\u00e9s sur Vanessaperrone.com. Les commentaires sont filtr\u00e9s pour \u00e9liminer les propos racistes ou haineux, les propos diffamatoires, le langage inappropri\u00e9, les menaces envers les usagers et le spam. Vanessaperrone.com ne fait pas d\u2019analyse ou de v\u00e9rification pour les faits dans les commentaires d\u2019utilisateur. Si vous vous appuyez sur des renseignements affich\u00e9s par d\u2019autres utilisateurs, vous en assumez seul le risque. Si certains de vos commentaires sont affich\u00e9s sur le site Web de Vanessaperrone.com, vous conc\u00e9dez \u00e0 Vanessaperrone.com et \u00e0 ses successeurs un droit et une licence non exclusifs, mondiaux, francs de redevance et perp\u00e9tuels, en vertu de votre droit d\u2019auteur, d\u2019utiliser, d\u2019adapter, de publier, de distribuer, de traduire, de reproduire et de cr\u00e9er des \u0153uvres d\u00e9riv\u00e9es ou fond\u00e9es sur ces documents dans tous les m\u00e9dias, et ce, sans obligation de vous rendre de compte. En outre, vous renoncez irr\u00e9vocablement \u00e0 tous vos droits moraux en tant qu\u2019auteur de ces renseignements, quel que soit leur fondement. Vous ne pouvez utiliser ce site Web qu\u2019\u00e0 des fins licites. Il vous est interdit d\u2019utiliser ce site Web pour faire ce qui suit&nbsp;:<\/p>\n\n\n\n<ul>\n<li>Afficher, stocker, transmettre, t\u00e9l\u00e9charger ou distribuer des documents qui rev\u00eatent un caract\u00e8re mena\u00e7ant, abusif, diffamatoire, obsc\u00e8ne ou r\u00e9pr\u00e9hensible sur le plan juridique, y compris tout ce qui pourrait constituer ou encourager une infraction criminelle, engager la responsabilit\u00e9 civile ou violer autrement des lois;<\/li>\n\n\n\n<li>Afficher des renseignements non publics au sujet de compagnies sans \u00eatre d\u00fbment autoris\u00e9 \u00e0 le faire;<\/li>\n\n\n\n<li>Fournir de faux renseignements;<\/li>\n\n\n\n<li>Vous faire passer pour quelqu\u2019un d\u2019autre;<\/li>\n\n\n\n<li>Afficher, transmettre ou distribuer autrement des documents qui renferment un virus, un cheval de Troie, un ver ou quelque autre \u00e9l\u00e9ment nocif ou perturbateur;<\/li>\n\n\n\n<li>T\u00e9l\u00e9charger, afficher, transmettre, distribuer ou reproduire autrement des renseignements, des logiciels ou tout autre document prot\u00e9g\u00e9s par le droit d\u2019auteur ou tout autre droit de propri\u00e9t\u00e9 intellectuelle sans avoir obtenu la permission du titulaire du droit d\u2019auteur ou autre droit en question.<\/li>\n<\/ul>\n\n\n\n<p>Vanessaperrone.com se r\u00e9serve le droit, pour quelque motif que ce soit, d\u2019enlever sans pr\u00e9avis tout contenu de ce site Web re\u00e7u de vous, notamment les informations contenues dans vos commentaires. Vanessaperrone.com se r\u00e9serve le droit de refuser \u00e0 quiconque, \u00e0 sa discr\u00e9tion exclusive, l\u2019acc\u00e8s \u00e0 ce site Web ou \u00e0 toute partie de celui-ci sans pr\u00e9avis. Vanessaperrone.com se r\u00e9serve le droit de remanier tout avis d\u2019affichage \u00e0 des fins de lisibilit\u00e9 et de concision.<\/p>\n\n\n\n<p>INDEMNISATION<\/p>\n\n\n\n<p>Vous acceptez de d\u00e9fendre et d\u2019indemniser Vanessa perrone communications inc., ses soci\u00e9t\u00e9s affili\u00e9es et ses partenaires, de m\u00eame que leurs administrateurs, dirigeants, employ\u00e9s et mandataires respectifs, \u00e0 l\u2019\u00e9gard de toute demande et tous frais, y compris les honoraires d\u2019avocat, d\u00e9coulant de votre utilisation de ce site Web. Nous nous r\u00e9servons le droit d\u2019entreprendre la d\u00e9fense exclusive de toute r\u00e9clamation pour laquelle nous avons droit \u00e0 une indemnisation. Dans un tel cas, vous collaborerez avec nous de fa\u00e7on raisonnable.<\/p>\n\n\n\n<p>SURVEILLANCE<\/p>\n\n\n\n<p>Vanessaperrone.com peut, sans y \u00eatre tenue, surveiller le contenu de ce site Web, y compris les commentaires, pour d\u00e9terminer si les pr\u00e9sentes conditions d\u2019utilisation et toute r\u00e8gle de fonctionnement \u00e9tablie par Vanessaperrone.com sont respect\u00e9es, et pour r\u00e9pondre aux exigences de toute loi, tout r\u00e8glement ou toute demande du gouvernement. Vanessaperrone.com peut, \u00e0 sa discr\u00e9tion exclusive, remanier, refuser d\u2019afficher ou enlever tout document envoy\u00e9 ou affich\u00e9 \u00e0 ce site Web. Sans limiter la port\u00e9e g\u00e9n\u00e9rale de ce qui pr\u00e9c\u00e8de, Vanessaperrone.com peut retirer tout document qu\u2019elle juge \u00eatre, \u00e0 son enti\u00e8re discr\u00e9tion, un manquement aux pr\u00e9sentes dispositions, ou r\u00e9pr\u00e9hensible par ailleurs.<\/p>\n\n\n\n<p>Vous reconnaissez que si nous recevons une ordonnance de cour d\u2019un organisme charg\u00e9 de faire respecter la loi ou d\u2019un organisme gouvernemental, nous devrons nous conformer \u00e0 cette ordonnance sans votre consentement et sans pr\u00e9avis et nous pourrions divulguer votre adresse IP, votre nom d\u2019utilisateur, votre nom, votre emplacement IP ou d\u2019autres renseignements demand\u00e9s.<\/p>\n\n\n\n<p>R\u00c9SILIATION<\/p>\n\n\n\n<p>Sans limiter ce qui pr\u00e9c\u00e8de, Vanessaperrone.com peut imm\u00e9diatement mettre fin \u00e0 votre acc\u00e8s \u00e0 ce site Web si vous vous comportez d\u2019une mani\u00e8re que Vanessaperrone.com juge, \u00e0 sa discr\u00e9tion exclusive, inacceptable ou si vous manquez \u00e0 l\u2019une des pr\u00e9sentes conditions d\u2019utilisation.<\/p>\n\n\n\n<p>LOI APPLICABLE<\/p>\n\n\n\n<p>Vanessa perrone communications inc. cr\u00e9e et contr\u00f4le ce site dans la province de Qu\u00e9bec (Canada). Par cons\u00e9quent, les lois de la province de Qu\u00e9bec et les lois f\u00e9d\u00e9rales canadiennes qui s\u2019y appliquent r\u00e9gissent les pr\u00e9sentes d\u00e9n\u00e9gations, modalit\u00e9s et conditions, sans donner effet aux principes de conflits de lois. Vanessaperrone.com se r\u00e9serve le droit de modifier en tout temps son site de m\u00eame que les pr\u00e9sentes d\u00e9n\u00e9gations, modalit\u00e9s et conditions.<\/p>\n\n\n\n<p>Mise \u00e0 jour Novembre 2022<\/p>\n","protected":false},"excerpt":{"rendered":"<p>Veuillez lire ces modalit\u00e9s avant d\u2019utiliser ou de soumettre du contenu sous toute forme ou par tout moyen pour publication sur Vanessaperrone.com. En continuant \u00e0 nous utiliser ou en soumettant du contenu ou des commentaires pour publication sur ce site, vous consentez \u00e0 respecter ces modalit\u00e9s et \u00e0 \u00eatre li\u00e9 par elles. Nous nous r\u00e9servons [&hellip;]<\/p>\n","protected":false},"author":2,"featured_media":0,"parent":0,"menu_order":0,"comment_status":"closed","ping_status":"closed","template":"","meta":{"_genesis_hide_title":false,"_genesis_hide_breadcrumbs":false,"_genesis_hide_singular_image":false,"_genesis_hide_footer_widgets":false,"_genesis_custom_body_class":"","_genesis_custom_post_class":"","_genesis_layout":"","footnotes":""},"yoast_head":"<!-- This site is optimized with the Yoast SEO plugin v21.2 - https:\/\/yoast.com\/wordpress\/plugins\/seo\/ -->\n<title>Conditions d&#8217;utilisation - Vanessa Perrone<\/title>\n<meta name=\"robots\" content=\"index, follow, max-snippet:-1, max-image-preview:large, max-video-preview:-1\" \/>\n<link rel=\"canonical\" href=\"https:\/\/vanessaperrone.com\/fr\/terms-and-conditions\/\" \/>\n<meta property=\"og:locale\" content=\"fr_FR\" \/>\n<meta property=\"og:type\" content=\"article\" \/>\n<meta property=\"og:title\" content=\"Conditions d&#8217;utilisation - Vanessa Perrone\" \/>\n<meta property=\"og:description\" content=\"Veuillez lire ces modalit\u00e9s avant d\u2019utiliser ou de soumettre du contenu sous toute forme ou par tout moyen pour publication sur Vanessaperrone.com. En continuant \u00e0 nous utiliser ou en soumettant du contenu ou des commentaires pour publication sur ce site, vous consentez \u00e0 respecter ces modalit\u00e9s et \u00e0 \u00eatre li\u00e9 par elles. Nous nous r\u00e9servons [&hellip;]\" \/>\n<meta property=\"og:url\" content=\"https:\/\/vanessaperrone.com\/fr\/terms-and-conditions\/\" \/>\n<meta property=\"og:site_name\" content=\"Vanessa Perrone\" \/>\n<meta property=\"article:modified_time\" content=\"2022-12-12T15:26:55+00:00\" \/>\n<meta name=\"twitter:card\" content=\"summary_large_image\" \/>\n<meta name=\"twitter:label1\" content=\"Dur\u00e9e de lecture estim\u00e9e\" \/>\n\t<meta name=\"twitter:data1\" content=\"8 minutes\" \/>\n<script type=\"application\/ld+json\" class=\"yoast-schema-graph\">{\"@context\":\"https:\/\/schema.org\",\"@graph\":[{\"@type\":\"WebPage\",\"@id\":\"https:\/\/vanessaperrone.com\/fr\/terms-and-conditions\/\",\"url\":\"https:\/\/vanessaperrone.com\/fr\/terms-and-conditions\/\",\"name\":\"Conditions d&#8217;utilisation - Vanessa Perrone\",\"isPartOf\":{\"@id\":\"https:\/\/vanessaperrone.com\/#website\"},\"datePublished\":\"2021-09-17T21:47:00+00:00\",\"dateModified\":\"2022-12-12T15:26:55+00:00\",\"breadcrumb\":{\"@id\":\"https:\/\/vanessaperrone.com\/fr\/terms-and-conditions\/#breadcrumb\"},\"inLanguage\":\"fr-FR\",\"potentialAction\":[{\"@type\":\"ReadAction\",\"target\":[\"https:\/\/vanessaperrone.com\/fr\/terms-and-conditions\/\"]}]},{\"@type\":\"BreadcrumbList\",\"@id\":\"https:\/\/vanessaperrone.com\/fr\/terms-and-conditions\/#breadcrumb\",\"itemListElement\":[{\"@type\":\"ListItem\",\"position\":1,\"name\":\"Home\",\"item\":\"https:\/\/vanessaperrone.com\/fr\/\"},{\"@type\":\"ListItem\",\"position\":2,\"name\":\"Conditions d&#8217;utilisation\"}]},{\"@type\":\"WebSite\",\"@id\":\"https:\/\/vanessaperrone.com\/#website\",\"url\":\"https:\/\/vanessaperrone.com\/\",\"name\":\"Vanessa Perrone\",\"description\":\"Mindful eating &amp; mediterranean living\",\"potentialAction\":[{\"@type\":\"SearchAction\",\"target\":{\"@type\":\"EntryPoint\",\"urlTemplate\":\"https:\/\/vanessaperrone.com\/?s={search_term_string}\"},\"query-input\":\"required name=search_term_string\"}],\"inLanguage\":\"fr-FR\"}]}<\/script>\n<!-- \/ Yoast SEO plugin. -->","yoast_head_json":{"title":"Conditions d&#8217;utilisation - Vanessa Perrone","robots":{"index":"index","follow":"follow","max-snippet":"max-snippet:-1","max-image-preview":"max-image-preview:large","max-video-preview":"max-video-preview:-1"},"canonical":"https:\/\/vanessaperrone.com\/fr\/terms-and-conditions\/","og_locale":"fr_FR","og_type":"article","og_title":"Conditions d&#8217;utilisation - Vanessa Perrone","og_description":"Veuillez lire ces modalit\u00e9s avant d\u2019utiliser ou de soumettre du contenu sous toute forme ou par tout moyen pour publication sur Vanessaperrone.com. En continuant \u00e0 nous utiliser ou en soumettant du contenu ou des commentaires pour publication sur ce site, vous consentez \u00e0 respecter ces modalit\u00e9s et \u00e0 \u00eatre li\u00e9 par elles. Nous nous r\u00e9servons [&hellip;]","og_url":"https:\/\/vanessaperrone.com\/fr\/terms-and-conditions\/","og_site_name":"Vanessa Perrone","article_modified_time":"2022-12-12T15:26:55+00:00","twitter_card":"summary_large_image","twitter_misc":{"Dur\u00e9e de lecture estim\u00e9e":"8 minutes"},"schema":{"@context":"https:\/\/schema.org","@graph":[{"@type":"WebPage","@id":"https:\/\/vanessaperrone.com\/fr\/terms-and-conditions\/","url":"https:\/\/vanessaperrone.com\/fr\/terms-and-conditions\/","name":"Conditions d&#8217;utilisation - Vanessa Perrone","isPartOf":{"@id":"https:\/\/vanessaperrone.com\/#website"},"datePublished":"2021-09-17T21:47:00+00:00","dateModified":"2022-12-12T15:26:55+00:00","breadcrumb":{"@id":"https:\/\/vanessaperrone.com\/fr\/terms-and-conditions\/#breadcrumb"},"inLanguage":"fr-FR","potentialAction":[{"@type":"ReadAction","target":["https:\/\/vanessaperrone.com\/fr\/terms-and-conditions\/"]}]},{"@type":"BreadcrumbList","@id":"https:\/\/vanessaperrone.com\/fr\/terms-and-conditions\/#breadcrumb","itemListElement":[{"@type":"ListItem","position":1,"name":"Home","item":"https:\/\/vanessaperrone.com\/fr\/"},{"@type":"ListItem","position":2,"name":"Conditions d&#8217;utilisation"}]},{"@type":"WebSite","@id":"https:\/\/vanessaperrone.com\/#website","url":"https:\/\/vanessaperrone.com\/","name":"Vanessa Perrone","description":"Mindful eating &amp; mediterranean living","potentialAction":[{"@type":"SearchAction","target":{"@type":"EntryPoint","urlTemplate":"https:\/\/vanessaperrone.com\/?s={search_term_string}"},"query-input":"required name=search_term_string"}],"inLanguage":"fr-FR"}]}},"_links":{"self":[{"href":"https:\/\/vanessaperrone.com\/fr\/wp-json\/wp\/v2\/pages\/757"}],"collection":[{"href":"https:\/\/vanessaperrone.com\/fr\/wp-json\/wp\/v2\/pages"}],"about":[{"href":"https:\/\/vanessaperrone.com\/fr\/wp-json\/wp\/v2\/types\/page"}],"author":[{"embeddable":true,"href":"https:\/\/vanessaperrone.com\/fr\/wp-json\/wp\/v2\/users\/2"}],"replies":[{"embeddable":true,"href":"https:\/\/vanessaperrone.com\/fr\/wp-json\/wp\/v2\/comments?post=757"}],"version-history":[{"count":2,"href":"https:\/\/vanessaperrone.com\/fr\/wp-json\/wp\/v2\/pages\/757\/revisions"}],"predecessor-version":[{"id":1286,"href":"https:\/\/vanessaperrone.com\/fr\/wp-json\/wp\/v2\/pages\/757\/revisions\/1286"}],"wp:attachment":[{"href":"https:\/\/vanessaperrone.com\/fr\/wp-json\/wp\/v2\/media?parent=757"}],"curies":[{"name":"wp","href":"https:\/\/api.w.org\/{rel}","templated":true}]}}