{"id":819,"date":"2021-09-18T14:29:18","date_gmt":"2021-09-18T14:29:18","guid":{"rendered":"https:\/\/vanessaperrone.com\/recipes\/"},"modified":"2021-09-24T17:25:00","modified_gmt":"2021-09-24T17:25:00","slug":"recettes","status":"publish","type":"page","link":"https:\/\/vanessaperrone.com\/fr\/recettes\/","title":{"rendered":"Recettes"},"content":{"rendered":"\n<h1>\n\t\tRecettes\n\t<\/h1>\n<h2>\n\t\tpar Vanessa\n\t<\/h2>\n\t<form data-sf-form-id='829' data-is-rtl='0' data-maintain-state='' data-results-url='https:\/\/vanessaperrone.com\/fr\/recettes' data-ajax-url='https:\/\/vanessaperrone.com\/fr\/?sfid=829&amp;sf_action=get_data&amp;sf_data=all' data-ajax-form-url='https:\/\/vanessaperrone.com\/fr\/?sfid=829&amp;sf_action=get_data&amp;sf_data=form' data-display-result-method='shortcode' data-use-history-api='1' data-template-loaded='0' data-lang-code='fr' data-ajax='1' data-ajax-data-type='json' data-ajax-links-selector='.pagination a' data-ajax-target='#search-filter-results-829' data-ajax-pagination-type='infinite_scroll' data-show-scroll-loader='1' data-infinite-scroll-trigger='-100' data-infinite-scroll-result-class='article' data-update-ajax-url='1' data-only-results-ajax='1' data-scroll-to-pos='0' data-init-paged='1' data-auto-update='1' data-auto-count='1' data-auto-count-refresh-mode='1' action='https:\/\/vanessaperrone.com\/fr\/recettes' method='post' class='searchandfilter' id='search-filter-form-829' autocomplete='off' data-instance-count='1'><ul><li class=\"sf-field-reset\" data-sf-field-name=\"reset\" data-sf-field-type=\"reset\" data-sf-field-input-type=\"link\"><h4>FILTRES<\/h4><a href=\"#\" class=\"search-filter-reset\" data-search-form-id=\"829\" data-sf-submit-form=\"always\">Effacer<\/a><\/li><li class=\"sf-field-taxonomy-recipe_category\" data-sf-field-name=\"_sft_recipe_category\" data-sf-field-type=\"taxonomy\" data-sf-field-input-type=\"checkbox\" data-sf-term-rewrite=''><h4>TYPES<\/h4>\t\t<ul data-operator=\"and\" class=\"\">\r\n\t\t\t\r\n\t\t\t<li class=\"sf-level-0 sf-item-54\" data-sf-count=\"1\" data-sf-depth=\"0\"><input  class=\"sf-input-checkbox\" type=\"checkbox\" value=\"appetizer-fr\" name=\"_sft_recipe_category[]\" id=\"sf-input-aae0cba0d0d9e1260f49303b3a0f8f42\"><label class=\"sf-label-checkbox\" for=\"sf-input-aae0cba0d0d9e1260f49303b3a0f8f42\">Ap\u00e9ritifs<\/label><\/li><li class=\"sf-level-0 sf-item-57\" data-sf-count=\"2\" data-sf-depth=\"0\"><input  class=\"sf-input-checkbox\" type=\"checkbox\" value=\"snacks-fr\" name=\"_sft_recipe_category[]\" id=\"sf-input-c06676465c64bc1484c83f4b994cbefa\"><label class=\"sf-label-checkbox\" for=\"sf-input-c06676465c64bc1484c83f4b994cbefa\">Collations<\/label><\/li><li class=\"sf-level-0 sf-item-66\" data-sf-count=\"3\" data-sf-depth=\"0\"><input  class=\"sf-input-checkbox\" type=\"checkbox\" value=\"breakfast-fr\" name=\"_sft_recipe_category[]\" id=\"sf-input-5f98b24ddb2f458947bb5893ebfdeaca\"><label class=\"sf-label-checkbox\" for=\"sf-input-5f98b24ddb2f458947bb5893ebfdeaca\">D\u00e9jeuners<\/label><\/li><li class=\"sf-level-0 sf-item-55\" data-sf-count=\"4\" data-sf-depth=\"0\"><input  class=\"sf-input-checkbox\" type=\"checkbox\" value=\"dessert-fr\" name=\"_sft_recipe_category[]\" id=\"sf-input-bfad5a0f902b7a42f41aa822003f219a\"><label class=\"sf-label-checkbox\" for=\"sf-input-bfad5a0f902b7a42f41aa822003f219a\">Desserts<\/label><\/li><li class=\"sf-level-0 sf-item-59\" data-sf-count=\"1\" data-sf-depth=\"0\"><input  class=\"sf-input-checkbox\" type=\"checkbox\" value=\"smoothie-fr\" name=\"_sft_recipe_category[]\" id=\"sf-input-376d3f2508b9bf5e8e2fda67d28de91d\"><label class=\"sf-label-checkbox\" for=\"sf-input-376d3f2508b9bf5e8e2fda67d28de91d\">Jus et smoothies<\/label><\/li><li class=\"sf-level-0 sf-item-52\" data-sf-count=\"7\" data-sf-depth=\"0\"><input  class=\"sf-input-checkbox\" type=\"checkbox\" value=\"main-dish-fr\" name=\"_sft_recipe_category[]\" id=\"sf-input-472aff3407cd8fedd03f6396abbe01d1\"><label class=\"sf-label-checkbox\" for=\"sf-input-472aff3407cd8fedd03f6396abbe01d1\">Plats principaux<\/label><\/li><li class=\"sf-level-0 sf-item-53\" data-sf-count=\"5\" data-sf-depth=\"0\"><input  class=\"sf-input-checkbox\" type=\"checkbox\" value=\"salad-fr\" name=\"_sft_recipe_category[]\" id=\"sf-input-2751f7ccfdf1e2f09103a24dafa16729\"><label class=\"sf-label-checkbox\" for=\"sf-input-2751f7ccfdf1e2f09103a24dafa16729\">Salades<\/label><\/li><li class=\"sf-level-0 sf-item-58\" data-sf-count=\"1\" data-sf-depth=\"0\"><input  class=\"sf-input-checkbox\" type=\"checkbox\" value=\"soup-fr\" name=\"_sft_recipe_category[]\" id=\"sf-input-eead31cfa7423e716127b514ea101878\"><label class=\"sf-label-checkbox\" for=\"sf-input-eead31cfa7423e716127b514ea101878\">Soupes<\/label><\/li><li class=\"sf-level-0 sf-item-56\" data-sf-count=\"0\" data-sf-depth=\"0\"><input  class=\"sf-input-checkbox\" type=\"checkbox\" value=\"dips-spreads-fr\" name=\"_sft_recipe_category[]\" id=\"sf-input-1b0a3fd242f6991446c497c77a31fcb5\"><label class=\"sf-label-checkbox\" for=\"sf-input-1b0a3fd242f6991446c497c77a31fcb5\">Trempettes et tartinades<\/label><\/li>\t\t<\/ul>\r\n\t\t<\/li><li class=\"sf-field-search\" data-sf-field-name=\"search\" data-sf-field-type=\"search\" data-sf-field-input-type=\"\"><h4>RECHERCHE<\/h4>\t\t<label><input placeholder=\"Recherche...\" name=\"_sf_search[]\" class=\"sf-input-text\" type=\"text\" value=\"\" title=\"\"><\/label>\t\t<\/li><\/ul><\/form>\n\t<div class=\"search-filter-results\" id=\"search-filter-results-829\">\n<!-- \tFound  Results<br \/>\n\tPage  of <br \/>\n\t -->\n\n\t<div class=\"search-filter-results-wrap\">\n\t\t\t<div class=\"search-results-third\">\n\n\t\t\t<a href=https:\/\/vanessaperrone.com\/fr\/recipe\/salade-de-courge-kombucha-epeautre-et-pois-chiches\/>               <img width=\"1\" height=\"1\" src=\"https:\/\/vanessaperrone.com\/wp-content\/uploads\/2025\/02\/Kobocha-scaled.jpg\" class=\"attachment-recipes-thumbnail size-recipes-thumbnail wp-post-image\" alt=\"\" decoding=\"async\" \/>\t\t<\/a>\t <h2><a href=\"https:\/\/vanessaperrone.com\/fr\/recipe\/salade-de-courge-kombucha-epeautre-et-pois-chiches\/\">Salade de courge kabocha, \u00e9peautre et pois chiches<\/a><\/h2>\n\t\t<\/div>\n\t\t\t\t<div class=\"search-results-third\">\n\n\t\t\t<a href=https:\/\/vanessaperrone.com\/fr\/recipe\/muffin-overnight-a-lavoine\/>               <img width=\"660\" height=\"800\" src=\"https:\/\/vanessaperrone.com\/wp-content\/uploads\/2024\/10\/OvernightOatCups-660x800.jpg\" class=\"attachment-recipes-thumbnail size-recipes-thumbnail wp-post-image\" alt=\"\" decoding=\"async\" \/>\t\t<\/a>\t <h2><a href=\"https:\/\/vanessaperrone.com\/fr\/recipe\/muffin-overnight-a-lavoine\/\">Bouch\u00e9es de gruau \u00e0 pr\u00e9parer la veille<\/a><\/h2>\n\t\t<\/div>\n\t\t\t\t<div class=\"search-results-third\">\n\n\t\t\t<a href=https:\/\/vanessaperrone.com\/fr\/recipe\/salade-cesar-aux-choux-de-bruxelles-rotis-et-au-saumon\/>               <img width=\"660\" height=\"800\" src=\"https:\/\/vanessaperrone.com\/wp-content\/uploads\/2024\/10\/BrusselsSalmonCesar-660x800.jpeg\" class=\"attachment-recipes-thumbnail size-recipes-thumbnail wp-post-image\" alt=\"\" decoding=\"async\" \/>\t\t<\/a>\t <h2><a href=\"https:\/\/vanessaperrone.com\/fr\/recipe\/salade-cesar-aux-choux-de-bruxelles-rotis-et-au-saumon\/\">Salade c\u00e9sar aux choux de Bruxelles r\u00f4tis et au saumon<\/a><\/h2>\n\t\t<\/div>\n\t\t\t\t<div class=\"search-results-third\">\n\n\t\t\t<a href=https:\/\/vanessaperrone.com\/fr\/recipe\/risotto-de-mais-aux-petoncles-et-au-prosciutto-croustillant\/>               <img width=\"533\" height=\"800\" src=\"https:\/\/vanessaperrone.com\/wp-content\/uploads\/2024\/10\/corn-risotto-scaled.jpeg\" class=\"attachment-recipes-thumbnail size-recipes-thumbnail wp-post-image\" alt=\"\" decoding=\"async\" srcset=\"https:\/\/vanessaperrone.com\/wp-content\/uploads\/2024\/10\/corn-risotto-scaled.jpeg 1707w, https:\/\/vanessaperrone.com\/wp-content\/uploads\/2024\/10\/corn-risotto-200x300.jpeg 200w, https:\/\/vanessaperrone.com\/wp-content\/uploads\/2024\/10\/corn-risotto-683x1024.jpeg 683w, https:\/\/vanessaperrone.com\/wp-content\/uploads\/2024\/10\/corn-risotto-768x1152.jpeg 768w\" sizes=\"(max-width: 533px) 100vw, 533px\" \/>\t\t<\/a>\t <h2><a href=\"https:\/\/vanessaperrone.com\/fr\/recipe\/risotto-de-mais-aux-petoncles-et-au-prosciutto-croustillant\/\">Risotto de ma\u00efs aux p\u00e9toncles et au prosciutto croustillant<\/a><\/h2>\n\t\t<\/div>\n\t\t\t\t<div class=\"search-results-third\">\n\n\t\t\t<a href=https:\/\/vanessaperrone.com\/fr\/recipe\/scones-aux-pommes-et-a-lavoine\/>               <img width=\"533\" height=\"800\" src=\"https:\/\/vanessaperrone.com\/wp-content\/uploads\/2024\/10\/APPLESCONES-scaled.jpeg\" class=\"attachment-recipes-thumbnail size-recipes-thumbnail wp-post-image\" alt=\"\" decoding=\"async\" srcset=\"https:\/\/vanessaperrone.com\/wp-content\/uploads\/2024\/10\/APPLESCONES-scaled.jpeg 1707w, https:\/\/vanessaperrone.com\/wp-content\/uploads\/2024\/10\/APPLESCONES-200x300.jpeg 200w, https:\/\/vanessaperrone.com\/wp-content\/uploads\/2024\/10\/APPLESCONES-683x1024.jpeg 683w, https:\/\/vanessaperrone.com\/wp-content\/uploads\/2024\/10\/APPLESCONES-768x1152.jpeg 768w\" sizes=\"(max-width: 533px) 100vw, 533px\" \/>\t\t<\/a>\t <h2><a href=\"https:\/\/vanessaperrone.com\/fr\/recipe\/scones-aux-pommes-et-a-lavoine\/\">Scones aux pommes et \u00e0 l&#8217;avoine<\/a><\/h2>\n\t\t<\/div>\n\t\t\t\t<div class=\"search-results-third\">\n\n\t\t\t<a href=https:\/\/vanessaperrone.com\/fr\/recipe\/biscuits-aux-pistaches-framboises-et-chocolat-blanc\/>               <img width=\"1\" height=\"1\" src=\"https:\/\/vanessaperrone.com\/wp-content\/uploads\/2024\/09\/Pistachio-and-raspberry-cookies-1-scaled.jpg\" class=\"attachment-recipes-thumbnail size-recipes-thumbnail wp-post-image\" alt=\"\" decoding=\"async\" \/>\t\t<\/a>\t <h2><a href=\"https:\/\/vanessaperrone.com\/fr\/recipe\/biscuits-aux-pistaches-framboises-et-chocolat-blanc\/\">Biscuits aux pistaches, framboises et chocolat blanc<\/a><\/h2>\n\t\t<\/div>\n\t\t\t\t<div class=\"search-results-third\">\n\n\t\t\t<a href=https:\/\/vanessaperrone.com\/fr\/recipe\/pates-aux-aubergines-roties-et-a-la-sauce-tomate\/>               <img width=\"660\" height=\"800\" src=\"https:\/\/vanessaperrone.com\/wp-content\/uploads\/2024\/09\/Pasta-roasted-eggplant-tomato-ricotta-660x800.jpg\" class=\"attachment-recipes-thumbnail size-recipes-thumbnail wp-post-image\" alt=\"\" decoding=\"async\" \/>\t\t<\/a>\t <h2><a href=\"https:\/\/vanessaperrone.com\/fr\/recipe\/pates-aux-aubergines-roties-et-a-la-sauce-tomate\/\">P\u00e2tes aux aubergines r\u00f4ties et \u00e0 la sauce tomate<\/a><\/h2>\n\t\t<\/div>\n\t\t\t\t<div class=\"search-results-third\">\n\n\t\t\t<a href=https:\/\/vanessaperrone.com\/fr\/recipe\/caprese-aux-lentilles\/>               <img width=\"660\" height=\"800\" src=\"https:\/\/vanessaperrone.com\/wp-content\/uploads\/2024\/09\/LentilCaprese-660x800.jpg\" class=\"attachment-recipes-thumbnail size-recipes-thumbnail wp-post-image\" alt=\"\" decoding=\"async\" \/>\t\t<\/a>\t <h2><a href=\"https:\/\/vanessaperrone.com\/fr\/recipe\/caprese-aux-lentilles\/\">Caprese aux lentilles<\/a><\/h2>\n\t\t<\/div>\n\t\t\t\t<div class=\"search-results-third\">\n\n\t\t\t<a href=https:\/\/vanessaperrone.com\/fr\/recipe\/seven-layer-mediterranean-dip\/>               <img width=\"660\" height=\"800\" src=\"https:\/\/vanessaperrone.com\/wp-content\/uploads\/2023\/02\/IMG_0479-1-scaled-1-660x800.jpeg\" class=\"attachment-recipes-thumbnail size-recipes-thumbnail wp-post-image\" alt=\"\" decoding=\"async\" \/>\t\t<\/a>\t <h2><a href=\"https:\/\/vanessaperrone.com\/fr\/recipe\/seven-layer-mediterranean-dip\/\">Seven Layer Mediterranean Dip<\/a><\/h2>\n\t\t<\/div>\n\t\t\t\t<div class=\"search-results-third\">\n\n\t\t\t<a href=https:\/\/vanessaperrone.com\/fr\/recipe\/soupe-blanche-au-poulet-et-nouilles\/>               <img width=\"660\" height=\"800\" src=\"https:\/\/vanessaperrone.com\/wp-content\/uploads\/2023\/02\/IMG_0468-scaled-1-660x800.jpeg\" class=\"attachment-recipes-thumbnail size-recipes-thumbnail wp-post-image\" alt=\"\" decoding=\"async\" \/>\t\t<\/a>\t <h2><a href=\"https:\/\/vanessaperrone.com\/fr\/recipe\/soupe-blanche-au-poulet-et-nouilles\/\">Soupe blanche au poulet et nouilles<\/a><\/h2>\n\t\t<\/div>\n\t\t\t\t<div class=\"search-results-third\">\n\n\t\t\t<a href=https:\/\/vanessaperrone.com\/fr\/recipe\/pates-aux-pois-chiches-et-kale\/>               <img width=\"660\" height=\"800\" src=\"https:\/\/vanessaperrone.com\/wp-content\/uploads\/2022\/03\/IMG_3061-660x800.jpg\" class=\"attachment-recipes-thumbnail size-recipes-thumbnail wp-post-image\" alt=\"\" decoding=\"async\" \/>\t\t<\/a>\t <h2><a href=\"https:\/\/vanessaperrone.com\/fr\/recipe\/pates-aux-pois-chiches-et-kale\/\">P\u00e2tes aux pois chiches et kale<\/a><\/h2>\n\t\t<\/div>\n\t\t\t\t<div class=\"search-results-third\">\n\n\t\t\t<a href=https:\/\/vanessaperrone.com\/fr\/recipe\/1235\/>               <img width=\"660\" height=\"800\" src=\"https:\/\/vanessaperrone.com\/wp-content\/uploads\/2022\/02\/IMG_3192-660x800.jpg\" class=\"attachment-recipes-thumbnail size-recipes-thumbnail wp-post-image\" alt=\"\" decoding=\"async\" \/>\t\t<\/a>\t <h2><a href=\"https:\/\/vanessaperrone.com\/fr\/recipe\/1235\/\">Salade de radicchio grill\u00e9 et de raisins r\u00f4ties sur labneh<\/a><\/h2>\n\t\t<\/div>\n\t\t<Br>\n<\/div>\n\n\t<div class=\"pagination\">\n\t\t<!-- \t\t<div class=\"nav-previous\"><a href=\"https:\/\/vanessaperrone.com\/fr\/recettes?sf_paged=2\" >Older posts<\/a><\/div>\n\t\t<div class=\"nav-next\"><\/div> -->\n\t\t<br \/><div class='wp-pagenavi' role='navigation'>\n<span class='pages'>Page 1 sur 2<\/span><span aria-current='page' class='current'>1<\/span><a class=\"page larger\" title=\"Page 2\" href=\"https:\/\/vanessaperrone.com\/fr\/recettes?sf_paged=2\">2<\/a><a class=\"nextpostslink\" rel=\"next\" aria-label=\"Page suivante\" href=\"https:\/\/vanessaperrone.com\/fr\/recettes?sf_paged=2\">PROCHAINE PAGE \u00bb<\/a>\n<\/div>\t<\/div>\n\t<\/div>\n\t\t\t\t<img decoding=\"async\" src=\"\/wp-content\/uploads\/2021\/09\/Programs-Quote-Icon@2x-1.png\" alt=\"Programs-Quote-Icon@2x-1.png\" itemprop=\"image\" title=\"Programs-Quote-Icon@2x-1.png\" onerror=\"this.style.display='none'\"  \/>\n<h3>\n\t\t\u00ab&nbsp;Parce que les traditions alimentaires&#8230;<br \/>c&rsquo;est bon pour la sant\u00e9!&nbsp;\u00bb\n\t<\/h3>\n<h2>\n\t\tAlimentez votre Vie\n\t<\/h2>\n\t<p>Laissez votre courriel pour recevoir notre meilleur contenu.<\/p>\n<h2>\n\t\tBesoin de soutien\n\t<\/h2>\n<h2>\n\t\tindividuel?\n\t<\/h2>\n\t<p>Prenez rendez-vous avec une di\u00e9t\u00e9tiste-nutritionniste.<\/p>\n\t\t\t<a href=\"https:\/\/motivenutrition.com\/fr\/\" target=\"_blank\" role=\"button\" rel=\"noopener\">\n\t\t\t\t\t\t\tPRENDRE RENDEZ-VOUS\n\t\t\t\t\t<\/a>\n\n","protected":false},"excerpt":{"rendered":"","protected":false},"author":2,"featured_media":0,"parent":0,"menu_order":0,"comment_status":"closed","ping_status":"closed","template":"page-templates\/page-builder.php","meta":{"_genesis_hide_title":false,"_genesis_hide_breadcrumbs":false,"_genesis_hide_singular_image":false,"_genesis_hide_footer_widgets":false,"_genesis_custom_body_class":"","_genesis_custom_post_class":"","_genesis_layout":"","footnotes":""},"yoast_head":"<!-- This site is optimized with the Yoast SEO plugin v21.2 - https:\/\/yoast.com\/wordpress\/plugins\/seo\/ -->\n<title>Recettes - Vanessa Perrone<\/title>\n<meta name=\"robots\" content=\"index, follow, max-snippet:-1, max-image-preview:large, max-video-preview:-1\" \/>\n<link rel=\"canonical\" href=\"https:\/\/vanessaperrone.com\/fr\/recettes\/\" \/>\n<meta property=\"og:locale\" content=\"fr_FR\" \/>\n<meta property=\"og:type\" content=\"article\" \/>\n<meta property=\"og:title\" content=\"Recettes - Vanessa Perrone\" \/>\n<meta property=\"og:description\" content=\"Recettes par Vanessa \u00ab&nbsp;Parce que les traditions alimentaires&#8230;c&rsquo;est bon pour la sant\u00e9!&nbsp;\u00bb Alimentez votre Vie Laissez votre courriel pour recevoir notre meilleur contenu. Besoin de soutien individuel? Prenez rendez-vous avec une di\u00e9t\u00e9tiste-nutritionniste. PRENDRE RENDEZ-VOUS\" \/>\n<meta property=\"og:url\" content=\"https:\/\/vanessaperrone.com\/fr\/recettes\/\" \/>\n<meta property=\"og:site_name\" content=\"Vanessa Perrone\" \/>\n<meta property=\"article:modified_time\" content=\"2021-09-24T17:25:00+00:00\" \/>\n<meta name=\"twitter:card\" content=\"summary_large_image\" \/>\n<script type=\"application\/ld+json\" class=\"yoast-schema-graph\">{\"@context\":\"https:\/\/schema.org\",\"@graph\":[{\"@type\":\"WebPage\",\"@id\":\"https:\/\/vanessaperrone.com\/fr\/recettes\/\",\"url\":\"https:\/\/vanessaperrone.com\/fr\/recettes\/\",\"name\":\"Recettes - Vanessa Perrone\",\"isPartOf\":{\"@id\":\"https:\/\/vanessaperrone.com\/#website\"},\"datePublished\":\"2021-09-18T14:29:18+00:00\",\"dateModified\":\"2021-09-24T17:25:00+00:00\",\"breadcrumb\":{\"@id\":\"https:\/\/vanessaperrone.com\/fr\/recettes\/#breadcrumb\"},\"inLanguage\":\"fr-FR\",\"potentialAction\":[{\"@type\":\"ReadAction\",\"target\":[\"https:\/\/vanessaperrone.com\/fr\/recettes\/\"]}]},{\"@type\":\"BreadcrumbList\",\"@id\":\"https:\/\/vanessaperrone.com\/fr\/recettes\/#breadcrumb\",\"itemListElement\":[{\"@type\":\"ListItem\",\"position\":1,\"name\":\"Home\",\"item\":\"https:\/\/vanessaperrone.com\/fr\/\"},{\"@type\":\"ListItem\",\"position\":2,\"name\":\"Recettes\"}]},{\"@type\":\"WebSite\",\"@id\":\"https:\/\/vanessaperrone.com\/#website\",\"url\":\"https:\/\/vanessaperrone.com\/\",\"name\":\"Vanessa Perrone\",\"description\":\"Mindful eating &amp; mediterranean living\",\"potentialAction\":[{\"@type\":\"SearchAction\",\"target\":{\"@type\":\"EntryPoint\",\"urlTemplate\":\"https:\/\/vanessaperrone.com\/?s={search_term_string}\"},\"query-input\":\"required name=search_term_string\"}],\"inLanguage\":\"fr-FR\"}]}<\/script>\n<!-- \/ Yoast SEO plugin. -->","yoast_head_json":{"title":"Recettes - Vanessa Perrone","robots":{"index":"index","follow":"follow","max-snippet":"max-snippet:-1","max-image-preview":"max-image-preview:large","max-video-preview":"max-video-preview:-1"},"canonical":"https:\/\/vanessaperrone.com\/fr\/recettes\/","og_locale":"fr_FR","og_type":"article","og_title":"Recettes - Vanessa Perrone","og_description":"Recettes par Vanessa \u00ab&nbsp;Parce que les traditions alimentaires&#8230;c&rsquo;est bon pour la sant\u00e9!&nbsp;\u00bb Alimentez votre Vie Laissez votre courriel pour recevoir notre meilleur contenu. Besoin de soutien individuel? Prenez rendez-vous avec une di\u00e9t\u00e9tiste-nutritionniste. PRENDRE RENDEZ-VOUS","og_url":"https:\/\/vanessaperrone.com\/fr\/recettes\/","og_site_name":"Vanessa Perrone","article_modified_time":"2021-09-24T17:25:00+00:00","twitter_card":"summary_large_image","schema":{"@context":"https:\/\/schema.org","@graph":[{"@type":"WebPage","@id":"https:\/\/vanessaperrone.com\/fr\/recettes\/","url":"https:\/\/vanessaperrone.com\/fr\/recettes\/","name":"Recettes - Vanessa Perrone","isPartOf":{"@id":"https:\/\/vanessaperrone.com\/#website"},"datePublished":"2021-09-18T14:29:18+00:00","dateModified":"2021-09-24T17:25:00+00:00","breadcrumb":{"@id":"https:\/\/vanessaperrone.com\/fr\/recettes\/#breadcrumb"},"inLanguage":"fr-FR","potentialAction":[{"@type":"ReadAction","target":["https:\/\/vanessaperrone.com\/fr\/recettes\/"]}]},{"@type":"BreadcrumbList","@id":"https:\/\/vanessaperrone.com\/fr\/recettes\/#breadcrumb","itemListElement":[{"@type":"ListItem","position":1,"name":"Home","item":"https:\/\/vanessaperrone.com\/fr\/"},{"@type":"ListItem","position":2,"name":"Recettes"}]},{"@type":"WebSite","@id":"https:\/\/vanessaperrone.com\/#website","url":"https:\/\/vanessaperrone.com\/","name":"Vanessa Perrone","description":"Mindful eating &amp; mediterranean living","potentialAction":[{"@type":"SearchAction","target":{"@type":"EntryPoint","urlTemplate":"https:\/\/vanessaperrone.com\/?s={search_term_string}"},"query-input":"required name=search_term_string"}],"inLanguage":"fr-FR"}]}},"_links":{"self":[{"href":"https:\/\/vanessaperrone.com\/fr\/wp-json\/wp\/v2\/pages\/819"}],"collection":[{"href":"https:\/\/vanessaperrone.com\/fr\/wp-json\/wp\/v2\/pages"}],"about":[{"href":"https:\/\/vanessaperrone.com\/fr\/wp-json\/wp\/v2\/types\/page"}],"author":[{"embeddable":true,"href":"https:\/\/vanessaperrone.com\/fr\/wp-json\/wp\/v2\/users\/2"}],"replies":[{"embeddable":true,"href":"https:\/\/vanessaperrone.com\/fr\/wp-json\/wp\/v2\/comments?post=819"}],"version-history":[{"count":13,"href":"https:\/\/vanessaperrone.com\/fr\/wp-json\/wp\/v2\/pages\/819\/revisions"}],"predecessor-version":[{"id":1048,"href":"https:\/\/vanessaperrone.com\/fr\/wp-json\/wp\/v2\/pages\/819\/revisions\/1048"}],"wp:attachment":[{"href":"https:\/\/vanessaperrone.com\/fr\/wp-json\/wp\/v2\/media?parent=819"}],"curies":[{"name":"wp","href":"https:\/\/api.w.org\/{rel}","templated":true}]}}